{"id":24985,"date":"2023-04-18T05:48:38","date_gmt":"2023-04-18T05:48:38","guid":{"rendered":"https:\/\/www.misdiscosviejos.com\/inicio\/"},"modified":"2025-10-09T13:17:59","modified_gmt":"2025-10-09T19:17:59","slug":"inicio","status":"publish","type":"page","link":"http:\/\/misdiscosviejos.com\/mdv\/inicio\/","title":{"rendered":"\u00a1 BIENVENIDOS A MIS DISCOS VIEJOS !"},"content":{"rendered":"\n<div class=\"wp-block-columns alignwide is-layout-flex wp-container-core-columns-is-layout-9d6595d7 wp-block-columns-is-layout-flex\">\n<div class=\"wp-block-column coblocks-animate is-layout-flow wp-block-column-is-layout-flow\" style=\"flex-basis:100%\">\n<h1 class=\"wp-block-heading has-text-align-center\">La importancia de la m\u00fasica, su impacto en nuestra vida y \u00f3 en momentos espec\u00edficos de ella sin duda es por mucho la m\u00e1s apreciada y afable manifestaci\u00f3n divina en la humanidad.<\/h1>\n<\/div>\n<\/div>\n\n\n\n<p>Este web site ha sido creado por el disfrute de tod@s aquellos que nos visitan, pretendemos aportar a la gran biblioteca musical de la humanidad , una  biblioteca digital individual que inicio en 2006 con la intensi\u00f3n de lograr compartir el ripiado de Vinyl, Lp,CD de colecciones individuales, generando un intercambio que gesto, v\u00ednculos entre varios de sus participantes pero sobretodo nos Brindo la oportunidad de conocer acerca de otras culturas, folklores y adquirir una lectura introspectiva de las sociedades de aquellas \u00e9pocas que aporta a la op\u00edni\u00f3n personal.<\/p>\n\n\n\n<p>Fu\u00e9 hasta el 2009 que se d\u00edo transicisi\u00f3n a la pagina web con la intens\u00edon de poder continuar incrementando esta interacci\u00f3n que arrojo resultados amenos \u00e9 incremento solidariamente y significativamente una totalidad de vol\u00famenes a MDV &#8211; ha sido una gran labor conjunta y una responsabilidad grande para los ADMN porque hemos sorteado un sin fin de circunstancias ajenas a la voluntad que trascienden lo econ\u00f3mico pero que concluyen con una realidad latente; el copyright,motivo por el que las disqueras hoy plataformas digitales que ir\u00f3nicamente alegan potestad y necesidad de controlar para preservar dichas autor\u00edas &#8211; Actualmente ya van en la propiedad de im\u00e1genes muchas de ellas portadas y car\u00e1tulas traseras de discograf\u00eda musical &#8211;  y que los difuntos y grandes compositores del siglo XVII y XIX no sean vulnerados de percibir por sus composiciones lo justo.  Bien sabemos de voz propia, no artificial de Atahualpa que a ell@s ( Compositores de la \u00e9poca ) se les prohib\u00eda cantar sus canciones porque los derechos de sus composiciones les pertenecian a los sellos musicales. han cercado de manera casi censurable m\u00fasica de Artistas , canciones, interpretes, compositores , fuetos , acompa\u00f1amientos y hasya esecenarios testigos de presentaciones majestuosas, lo que hace que servidores <\/p>\n\n\n\n<div class=\"wp-block-columns alignwide is-layout-flex wp-container-core-columns-is-layout-9d6595d7 wp-block-columns-is-layout-flex\">\n<div class=\"wp-block-column is-layout-flow wp-block-column-is-layout-flow\" style=\"flex-basis:20%\"><\/div>\n\n\n\n<div class=\"wp-block-column is-layout-flow wp-block-column-is-layout-flow\" style=\"flex-basis:80%\"><\/div>\n<\/div>\n\n\n\n<div class=\"wp-block-group alignfull has-tertiary-background-color has-background\"><div class=\"wp-block-group__inner-container is-layout-flow wp-block-group-is-layout-flow\"><ul class=\"wp-block-latest-posts__list wp-block-latest-posts\"><li><a class=\"wp-block-latest-posts__post-title\" href=\"http:\/\/misdiscosviejos.com\/mdv\/uncategorized\/va-essential-classical-collection\/\">VA &#8211; Essential &#8211; Classical Collection<\/a><\/li>\n<li><a class=\"wp-block-latest-posts__post-title\" href=\"http:\/\/misdiscosviejos.com\/mdv\/cancion-protesta\/cancion-protesta\/\">Canci\u00f3n protesta<\/a><\/li>\n<li><a class=\"wp-block-latest-posts__post-title\" href=\"http:\/\/misdiscosviejos.com\/mdv\/boleros-por-siempre\/boleros-por-siempre\/\">Boleros por Siempre<\/a><\/li>\n<li><a class=\"wp-block-latest-posts__post-title\" href=\"http:\/\/misdiscosviejos.com\/mdv\/uncategorized\/tropical-all-star-viejoteca-bailable-v3\/\">Tropical All Star &#8211; Viejoteca Bailable &#8211; v3 &#8211;<\/a><\/li>\n<li><a class=\"wp-block-latest-posts__post-title\" href=\"http:\/\/misdiscosviejos.com\/mdv\/domenico-modugno\/domenico-modugno-en-vivo\/\">Domenico Modugno &#8211; En vivo &#8211;<\/a><\/li>\n<\/ul><\/div><\/div>\n","protected":false},"excerpt":{"rendered":"<p>La importancia de la m\u00fasica, su impacto en nuestra vida y \u00f3 en momentos espec\u00edficos de ella sin duda es por mucho la m\u00e1s apreciada y afable manifestaci\u00f3n divina en la humanidad. Este web site ha sido creado por el disfrute de tod@s aquellos que nos visitan, pretendemos aportar a la gran biblioteca musical de\u2026 <span class=\"read-more\"><a href=\"http:\/\/misdiscosviejos.com\/mdv\/inicio\/\">Leer m\u00e1s &raquo;<\/a><\/span><\/p>\n","protected":false},"author":2,"featured_media":0,"parent":0,"menu_order":0,"comment_status":"closed","ping_status":"closed","template":"","meta":{"footnotes":""},"class_list":["post-24985","page","type-page","status-publish","hentry"],"jetpack_sharing_enabled":true,"jetpack-related-posts":[],"_links":{"self":[{"href":"http:\/\/misdiscosviejos.com\/mdv\/wp-json\/wp\/v2\/pages\/24985","targetHints":{"allow":["GET"]}}],"collection":[{"href":"http:\/\/misdiscosviejos.com\/mdv\/wp-json\/wp\/v2\/pages"}],"about":[{"href":"http:\/\/misdiscosviejos.com\/mdv\/wp-json\/wp\/v2\/types\/page"}],"author":[{"embeddable":true,"href":"http:\/\/misdiscosviejos.com\/mdv\/wp-json\/wp\/v2\/users\/2"}],"replies":[{"embeddable":true,"href":"http:\/\/misdiscosviejos.com\/mdv\/wp-json\/wp\/v2\/comments?post=24985"}],"version-history":[{"count":5,"href":"http:\/\/misdiscosviejos.com\/mdv\/wp-json\/wp\/v2\/pages\/24985\/revisions"}],"predecessor-version":[{"id":39457,"href":"http:\/\/misdiscosviejos.com\/mdv\/wp-json\/wp\/v2\/pages\/24985\/revisions\/39457"}],"wp:attachment":[{"href":"http:\/\/misdiscosviejos.com\/mdv\/wp-json\/wp\/v2\/media?parent=24985"}],"curies":[{"name":"wp","href":"https:\/\/api.w.org\/{rel}","templated":true}]}}